{"id":321,"date":"2023-09-18T14:15:33","date_gmt":"2023-09-18T14:15:33","guid":{"rendered":"https:\/\/noleggiaauto.com\/roveda\/?page_id=321"},"modified":"2024-10-14T10:26:56","modified_gmt":"2024-10-14T09:26:56","slug":"perche-noleggio","status":"publish","type":"page","link":"https:\/\/noleggiaauto.com\/roveda\/perche-noleggio\/","title":{"rendered":"Perch\u00e9 noleggio"},"content":{"rendered":"<p>[et_pb_section fb_built=&#8221;1&#8243; _builder_version=&#8221;4.22.1&#8243; _module_preset=&#8221;default&#8221; background_enable_color=&#8221;off&#8221; custom_margin=&#8221;4rem||||false|false&#8221; locked=&#8221;off&#8221; global_colors_info=&#8221;{}&#8221;][et_pb_row custom_padding_last_edited=&#8221;off|desktop&#8221; _builder_version=&#8221;4.20.4&#8243; _module_preset=&#8221;default&#8221; custom_padding=&#8221;0px||0px||false|false&#8221; global_colors_info=&#8221;{}&#8221;][et_pb_column type=&#8221;4_4&#8243; _builder_version=&#8221;4.20.4&#8243; _module_preset=&#8221;default&#8221; global_colors_info=&#8221;{}&#8221;][et_pb_text _builder_version=&#8221;4.21.0&#8243; _module_preset=&#8221;ad571863-50b4-4d92-9bc6-e486ed2d64a1&#8243; custom_margin=&#8221;||0px||false|false&#8221; custom_padding=&#8221;||0px||false|false&#8221; global_colors_info=&#8221;{}&#8221;]<\/p>\n<h1>Noleggio a lungo termine<\/h1>\n<p>[\/et_pb_text][et_pb_text _builder_version=&#8221;4.21.0&#8243; _module_preset=&#8221;ad571863-50b4-4d92-9bc6-e486ed2d64a1&#8243; custom_margin=&#8221;||||false|false&#8221; custom_padding=&#8221;||||false|false&#8221; global_colors_info=&#8221;{}&#8221;]<\/p>\n<h2>Il lusso di non pensare pi\u00f9 all\u2019auto<\/h2>\n<p>[\/et_pb_text][et_pb_text _builder_version=&#8221;4.22.1&#8243; _module_preset=&#8221;ad571863-50b4-4d92-9bc6-e486ed2d64a1&#8243; global_colors_info=&#8221;{}&#8221;]<\/p>\n<h4 style=\"font-weight:500!important\">Troviamo sempre la soluzione pi\u00f9 competitiva per il tuo noleggio a lungo termine.<\/h4>\n<p>[\/et_pb_text][et_pb_text _builder_version=&#8221;4.21.0&#8243; _module_preset=&#8221;ad571863-50b4-4d92-9bc6-e486ed2d64a1&#8243; global_colors_info=&#8221;{}&#8221;]<\/p>\n<p><strong>Non importa che tu sia un privato, un professionista con P.IVA o un\u2019azienda: il noleggio a lungo termine ti libera dalla burocrazia legata all\u2019auto, ti garantisce la certezza del costo e ti d\u00e0 pi\u00f9 tempo per pensare a te e al tuo business.<\/strong><\/p>\n<p>Il <strong>noleggio a lungo termine<\/strong> \u00e8 una formula innovativa e sempre pi\u00f9 utilizzata da privati, professionisti con P.IVA e aziende per guidare un veicolo, auto o furgone e dimenticarsi di tutto il resto. Attraverso il noleggio a lungo termine infatti, il titolare del contratto entra in possesso di un veicolo e lo utilizza fino al termine previsto pagando soltanto un canone mensile all\u2019azienda di noleggio. Tutti gli altri costi, ordinari e straordinari, sono gi\u00e0 inclusi nel canone.<\/p>\n<p><strong>Come funziona e da cosa \u00e8 composto il noleggio?<\/strong><\/p>\n<p>Il costo del contratto di noleggio viene determinato da quattro elementi principali: la vettura e il relativo costo, su cui incidono anche motorizzazioni e optional, il chilometraggio complessivo concordato nel contratto, la durata del contratto, generalmente dai 2 ai 4 anni e l\u2019anticipo contrattuale, ove previsto. Assicurazione, bollo, manutenzione ordinaria e straordinaria sono sempre inclusi nel contratto, cos\u00ec come molto spesso lo sono anche gli pneumatici (estivi\/invernali, ovvero le \u201cgomme termiche\u201d).<\/p>\n<p>[\/et_pb_text][\/et_pb_column][\/et_pb_row][\/et_pb_section][et_pb_section fb_built=&#8221;1&#8243; _builder_version=&#8221;4.22.1&#8243; _module_preset=&#8221;default&#8221; background_color=&#8221;#fbfbfb&#8221; custom_margin=&#8221;4rem||||false|false&#8221; custom_padding=&#8221;4rem||5rem||false|false&#8221; locked=&#8221;off&#8221; global_colors_info=&#8221;{}&#8221;][et_pb_row _builder_version=&#8221;4.20.4&#8243; _module_preset=&#8221;default&#8221; global_colors_info=&#8221;{}&#8221;][et_pb_column type=&#8221;4_4&#8243; _builder_version=&#8221;4.20.4&#8243; _module_preset=&#8221;default&#8221; global_colors_info=&#8221;{}&#8221;][et_pb_text _builder_version=&#8221;4.21.0&#8243; _module_preset=&#8221;ad571863-50b4-4d92-9bc6-e486ed2d64a1&#8243; global_colors_info=&#8221;{}&#8221;]<\/p>\n<h2 class=\"h1 text-dark\">A chi ci rivolgiamo<\/h2>\n<p>[\/et_pb_text][\/et_pb_column][\/et_pb_row][et_pb_row column_structure=&#8221;1_3,1_3,1_3&#8243; use_custom_gutter=&#8221;on&#8221; gutter_width=&#8221;2&#8243; _builder_version=&#8221;4.22.1&#8243; _module_preset=&#8221;default&#8221; custom_margin=&#8221;2rem||||false|false&#8221; global_colors_info=&#8221;{}&#8221;][et_pb_column type=&#8221;1_3&#8243; _builder_version=&#8221;4.22.1&#8243; _module_preset=&#8221;default&#8221; global_colors_info=&#8221;{}&#8221;][et_pb_image src=&#8221;https:\/\/noleggiaauto.com\/roveda\/wp-content\/uploads\/2023\/09\/noleggio-lungo-termine-privati.jpg&#8221; title_text=&#8221;noleggio-lungo-termine-privati&#8221; _builder_version=&#8221;4.22.1&#8243; _module_preset=&#8221;default&#8221; custom_margin=&#8221;||||false|false&#8221; border_radii=&#8221;on|20px|20px|20px|20px&#8221; locked=&#8221;off&#8221; global_colors_info=&#8221;{}&#8221;][\/et_pb_image][et_pb_text _builder_version=&#8221;4.24.2&#8243; _module_preset=&#8221;ad571863-50b4-4d92-9bc6-e486ed2d64a1&#8243; custom_margin=&#8221;||10px||false|false&#8221; custom_padding=&#8221;||||false|false&#8221; hover_enabled=&#8221;0&#8243; locked=&#8221;off&#8221; global_colors_info=&#8221;{}&#8221; sticky_enabled=&#8221;0&#8243;]<\/p>\n<h4 style=\"font-weight: 600!important;\">Privati<\/h4>\n<p>[\/et_pb_text][et_pb_text _builder_version=&#8221;4.22.1&#8243; _module_preset=&#8221;ad571863-50b4-4d92-9bc6-e486ed2d64a1&#8243; custom_margin=&#8221;||||false|false&#8221; custom_margin_tablet=&#8221;||2rem||false|false&#8221; custom_margin_phone=&#8221;||2rem||false|false&#8221; custom_margin_last_edited=&#8221;on|tablet&#8221; locked=&#8221;off&#8221; global_colors_info=&#8221;{}&#8221;]<\/p>\n<p>Diamo ai privati la possibilit\u00e0 di guidare un&#8217;auto o una moto nuova senza doverla acquistare, con un canone fisso mensile che comprende bollo, assicurazione, manutenzione ordinaria e straordinaria. anche con anticipo zero. E tanti altri servizi.<\/p>\n<p>[\/et_pb_text][\/et_pb_column][et_pb_column type=&#8221;1_3&#8243; _builder_version=&#8221;4.20.4&#8243; _module_preset=&#8221;default&#8221; global_colors_info=&#8221;{}&#8221;][et_pb_image src=&#8221;https:\/\/noleggiaauto.com\/roveda\/wp-content\/uploads\/2023\/09\/noleggio-lungo-termine-professionisti-partita_iva.jpg&#8221; title_text=&#8221;noleggio-lungo-termine-professionisti-partita_iva&#8221; _builder_version=&#8221;4.22.1&#8243; _module_preset=&#8221;default&#8221; border_radii=&#8221;on|20px|20px|20px|20px&#8221; locked=&#8221;off&#8221; global_colors_info=&#8221;{}&#8221;][\/et_pb_image][et_pb_text _builder_version=&#8221;4.24.2&#8243; _module_preset=&#8221;ad571863-50b4-4d92-9bc6-e486ed2d64a1&#8243; custom_margin=&#8221;||10px||false|false&#8221; custom_padding=&#8221;||||false|false&#8221; hover_enabled=&#8221;0&#8243; locked=&#8221;off&#8221; global_colors_info=&#8221;{}&#8221; sticky_enabled=&#8221;0&#8243;]<\/p>\n<h4 style=\"font-weight: 600!important;\">Professionisti con partita Iva<\/h4>\n<p>[\/et_pb_text][et_pb_text _builder_version=&#8221;4.21.0&#8243; _module_preset=&#8221;ad571863-50b4-4d92-9bc6-e486ed2d64a1&#8243; custom_margin=&#8221;||||false|false&#8221; custom_margin_tablet=&#8221;||2rem||false|false&#8221; custom_margin_phone=&#8221;||2rem||false|false&#8221; custom_margin_last_edited=&#8221;on|tablet&#8221; locked=&#8221;off&#8221; global_colors_info=&#8221;{}&#8221;]I liberi professionisti si avvalgono della nostra consulenza nel noleggio a lungo termine per evitare inutili perdite di tempo nella gestione del proprio veicolo, preferendo un unico interlocutore.[\/et_pb_text][\/et_pb_column][et_pb_column type=&#8221;1_3&#8243; _builder_version=&#8221;4.20.4&#8243; _module_preset=&#8221;default&#8221; global_colors_info=&#8221;{}&#8221;][et_pb_image src=&#8221;https:\/\/noleggiaauto.com\/roveda\/wp-content\/uploads\/2023\/09\/noleggio-lungo-termine-aziendale.jpg&#8221; title_text=&#8221;noleggio-lungo-termine-aziendale&#8221; _builder_version=&#8221;4.22.1&#8243; _module_preset=&#8221;default&#8221; border_radii=&#8221;on|20px|20px|20px|20px&#8221; locked=&#8221;off&#8221; global_colors_info=&#8221;{}&#8221;][\/et_pb_image][et_pb_text _builder_version=&#8221;4.24.2&#8243; _module_preset=&#8221;ad571863-50b4-4d92-9bc6-e486ed2d64a1&#8243; custom_margin=&#8221;||10px||false|false&#8221; custom_padding=&#8221;||||false|false&#8221; hover_enabled=&#8221;0&#8243; locked=&#8221;off&#8221; global_colors_info=&#8221;{}&#8221; sticky_enabled=&#8221;0&#8243;]<\/p>\n<h4 style=\"font-weight: 600!important;\">Piccole e medie imprese<\/h4>\n<p>[\/et_pb_text][et_pb_text _builder_version=&#8221;4.21.0&#8243; _module_preset=&#8221;ad571863-50b4-4d92-9bc6-e486ed2d64a1&#8243; custom_margin=&#8221;||||false|false&#8221; custom_margin_tablet=&#8221;||2rem||false|false&#8221; custom_margin_phone=&#8221;||2rem||false|false&#8221; custom_margin_last_edited=&#8221;on|tablet&#8221; locked=&#8221;off&#8221; global_colors_info=&#8221;{}&#8221;]A fronte di un canone fisso mensile e della detrazione fiscale dello stesso, l\u2019azienda non dovr\u00e0 pi\u00f9 preoccuparsi di nulla: n\u00e9 di versare un cospicuo anticipo per l\u2019acquisto dell\u2019auto, n\u00e9 di ricordarsi delle spese di gestione. [\/et_pb_text][\/et_pb_column][\/et_pb_row][\/et_pb_section]<\/p>\n","protected":false},"excerpt":{"rendered":"<p>Noleggio a lungo termineIl lusso di non pensare pi\u00f9 all\u2019autoTroviamo sempre la soluzione pi\u00f9 competitiva per il tuo noleggio a lungo termine.Non importa che tu sia un privato, un professionista con P.IVA o un\u2019azienda: il noleggio a lungo termine ti libera dalla burocrazia legata all\u2019auto, ti garantisce la certezza del costo e ti d\u00e0 pi\u00f9 [&hellip;]<\/p>\n","protected":false},"author":2,"featured_media":0,"parent":0,"menu_order":0,"comment_status":"closed","ping_status":"closed","template":"","meta":{"_et_pb_use_builder":"on","_et_pb_old_content":"<!-- wp:divi\/placeholder \/-->","_et_gb_content_width":"","inline_featured_image":false,"footnotes":""},"class_list":["post-321","page","type-page","status-publish","hentry"],"_links":{"self":[{"href":"https:\/\/noleggiaauto.com\/roveda\/wp-json\/wp\/v2\/pages\/321"}],"collection":[{"href":"https:\/\/noleggiaauto.com\/roveda\/wp-json\/wp\/v2\/pages"}],"about":[{"href":"https:\/\/noleggiaauto.com\/roveda\/wp-json\/wp\/v2\/types\/page"}],"author":[{"embeddable":true,"href":"https:\/\/noleggiaauto.com\/roveda\/wp-json\/wp\/v2\/users\/2"}],"replies":[{"embeddable":true,"href":"https:\/\/noleggiaauto.com\/roveda\/wp-json\/wp\/v2\/comments?post=321"}],"version-history":[{"count":0,"href":"https:\/\/noleggiaauto.com\/roveda\/wp-json\/wp\/v2\/pages\/321\/revisions"}],"wp:attachment":[{"href":"https:\/\/noleggiaauto.com\/roveda\/wp-json\/wp\/v2\/media?parent=321"}],"curies":[{"name":"wp","href":"https:\/\/api.w.org\/{rel}","templated":true}]}}