{"id":158,"date":"2023-05-09T13:21:54","date_gmt":"2023-05-09T13:21:54","guid":{"rendered":"https:\/\/noleggiaauto.com\/roveda\/?page_id=158"},"modified":"2023-05-09T13:23:58","modified_gmt":"2023-05-09T13:23:58","slug":"cookie-policy","status":"publish","type":"page","link":"https:\/\/noleggiaauto.com\/roveda\/cookie-policy\/","title":{"rendered":"Cookie Policy"},"content":{"rendered":"<p>[et_pb_section fb_built=&#8221;1&#8243; theme_builder_area=&#8221;post_content&#8221; _builder_version=&#8221;4.21.0&#8243; _module_preset=&#8221;default&#8221; custom_padding=&#8221;80px||80px||false|false&#8221; hover_enabled=&#8221;0&#8243; sticky_enabled=&#8221;0&#8243;][et_pb_row _builder_version=&#8221;4.21.0&#8243; _module_preset=&#8221;default&#8221; theme_builder_area=&#8221;post_content&#8221;][et_pb_column _builder_version=&#8221;4.21.0&#8243; _module_preset=&#8221;default&#8221; type=&#8221;4_4&#8243; theme_builder_area=&#8221;post_content&#8221;][et_pb_text _builder_version=&#8221;4.21.0&#8243; _module_preset=&#8221;default&#8221; theme_builder_area=&#8221;post_content&#8221; header_text_align=&#8221;center&#8221; hover_enabled=&#8221;0&#8243; sticky_enabled=&#8221;0&#8243;]<\/p>\n<h1>Cookie Policy<\/h1>\n<p>[\/et_pb_text][\/et_pb_column][\/et_pb_row][\/et_pb_section][et_pb_section fb_built=&#8221;1&#8243; theme_builder_area=&#8221;post_content&#8221; _builder_version=&#8221;4.21.0&#8243; _module_preset=&#8221;default&#8221; custom_padding=&#8221;||80px||false|false&#8221; hover_enabled=&#8221;0&#8243; sticky_enabled=&#8221;0&#8243;][et_pb_row _builder_version=&#8221;4.21.0&#8243; _module_preset=&#8221;default&#8221; theme_builder_area=&#8221;post_content&#8221;][et_pb_column _builder_version=&#8221;4.21.0&#8243; _module_preset=&#8221;default&#8221; type=&#8221;4_4&#8243; theme_builder_area=&#8221;post_content&#8221;][et_pb_text _builder_version=&#8221;4.21.0&#8243; _module_preset=&#8221;default&#8221; theme_builder_area=&#8221;post_content&#8221; hover_enabled=&#8221;0&#8243; sticky_enabled=&#8221;0&#8243;]<\/p>\n<h3>COSA SONO I COOKIE?<\/h3>\n<p>I cookies sono piccoli file di testo inviati all\u2019utente dal sito web visitato. Vengono memorizzati sull\u2019hard disk del computer, consentendo in questo modo al sito web di riconoscere gli utenti e memorizzare determinate informazioni su di loro, al fine di permettere o migliorare il servizio offerto.La maggior parte dei cookie contiene un identificatore univoco chiamato ID cookie: una stringa di caratteri che i siti web e i server associano al browser in cui \u00e8 memorizzato il cookie. Ci\u00f2 consente ai siti web e ai server di distinguere il browser da altri browser che memorizzano cookie distinti e di riconoscere ogni browser in base al proprio ID cookie univoco.I cookie sono ampiamente utilizzati da siti web e server per fornire molti dei servizi di base disponibili online. Se fai acquisti su un sito web, un cookie consente al sito web di ricordare gli articoli che hai aggiunto al tuo carrello degli acquisti virtuale. Se imposti delle preferenze in un sito web, un cookie consente al sito web di memorizzare le tue preferenze per la tua visita successiva. Se invece ti registri in un sito web, quest\u2019ultimo potrebbe utilizzare un cookie per riconoscere il tuo browser in un secondo momento, in modo che non sia necessario inserire nuovamente le credenziali per l\u2019accesso. Inoltre, i cookie consentono ai siti web di raccogliere dati sulle attivit\u00e0 degli utenti, ad esempio il numero di visitatori unici di una pagina ogni mese. Tutti questi usi dipendono dalle informazioni memorizzate nei cookie.<\/p>\n<h3>TIPOLOGIE DI COOKIE: TECNICO, DI PROFILAZIONE, DI TERZE PARTI<\/h3>\n<h4>DEFINIZIONE DI COOKIE TECNICO SECONDO IL GARANTE DELLA PRIVACY<\/h4>\n<p>I cookie tecnici sono quelli utilizzati al solo fine di effettuare la trasmissione di una comunicazione su una rete di comunicazione elettronica, o nella misura strettamente necessaria al fornitore di un servizio della societ\u00e0 dell\u2019informazione esplicitamente richiesto dall\u2019abbonato o dall\u2019utente a erogare tale servizio.<br \/>\u200dEsempio di cookie tecnico: il cookie di sessione installato per mantenere il login.<\/p>\n<h4>DEFINIZIONE DI COOKIE DI PROFILAZIONE SECONDO IL GARANTE DELLA PRIVACY<\/h4>\n<p>I cookie di profilazione sono volti a creare profili relativi all\u2019utente e vengono utilizzati al fine di inviare messaggi pubblicitari in linea con le preferenze manifestate dallo stesso nell\u2019ambito della navigazione in rete.<br \/>\u200dEsempio di cookie di profilazione: ammettiamo che durante la navigazione in un sito effettuate una ricerca per scarpe ginnastica e sul vostro browser viene installato un cookie contenente tale query. Se in seguito alla ricerca un software\/plugin installato sul sito far\u00e0 uso di tale informazione per offrirvi della pubblicit\u00e0 attinente, come quella di attrezzatura sportiva, o di scarpe in generale, quello installato \u00e8 un cookie di profilazione.<\/p>\n<h4>DEFINIZIONE DI COOKIE DI TERZE PARTI SECONDO IL GARANTE DELLA PRIVACY<\/h4>\n<p>Un ulteriore elemento da considerare, ai fini della corretta definizione della materia in esame, \u00e8 quello soggettivo. Occorre cio\u00e8 tenere conto del differente soggetto che installa i cookie sul terminale dell\u2019utente. A seconda che si tratti dello stesso gestore del sito che l\u2019utente sta visitando che pu\u00f2 essere sinteticamente indicato come editore o di un sito diverso che installa cookie per il tramite del primo, c.d. terze parti.<br \/>\u200dEsempio di cookie di terze parti: i cookie installati dai social buttons come Facebook, Twitter, Google Plus, ecc., i cookie di Google Analytics, i cookie installati dall\u2019implementazione degli iframe dei video Youtube, ecc.; sono tutti cookie di terze parti<\/p>\n<h3>COME ATTIVARE O DISATTIVARE I COOKIE<\/h3>\n<p>Ogni browser, Mozilla Firefox, Internet Explorer, Google Chrome, Safari, Opera, ecc. ha differenti metodi per attivare o disattivare i cookie. Tali metodi possono variare anche dal tipo di Sistema Operativo utilizzato: Mac OS, Windows, Linux, iOS, Android, ecc. Si rimanda alle guide rilasciate da ogni distributore per visualizzare le modalit\u00e0 di attivazione o disattivazione cookie.<\/p>\n<p>Mozilla Firefox:<span>\u00a0<\/span><a href=\"https:\/\/support.mozilla.org\/it\/kb\/Attivare%20e%20disattivare%20i%20cookie\">https:\/\/support.mozilla.org\/it\/kb\/Attivare%20e%20disattivare%20i%20cookie<\/a><br \/>\u200dInternet Explorer:<span>\u00a0<\/span><a href=\"https:\/\/support.microsoft.com\/it-it\/help\/17442\/windows-internet-explorer-delete-manage-cookies\">https:\/\/support.microsoft.com\/it-it\/help\/17442\/windows-internet-explorer-delete-manage-cookies<\/a><br \/>\u200dGoogle Chrome:<span>\u00a0<\/span><a href=\"https:\/\/support.google.com\/accounts\/answer\/61416\">https:\/\/support.google.com\/accounts\/answer\/61416<\/a><br \/>\u200dSafari:<span>\u00a0<\/span><a href=\"https:\/\/support.apple.com\/kb\/ph21411?locale=it_IT\">https:\/\/support.apple.com\/kb\/ph21411?locale=it_IT<\/a><\/p>\n<h4>COOKIE UTILIZZATI DA QUESTO SITO INTERNET<\/h4>\n<p>Il presente sito web utilizza oltre ai cookie tecnici per il normale funzionamento anche i seguenti cookie di terze parti:<\/p>\n<h5>COOKIE STATISTICI:<\/h5>\n<p>* Google Analytics, per ulteriori dettagli visita il sito del fornitore:<span>\u00a0<\/span><a href=\"https:\/\/www.google.com\/analytics\/learn\/privacy.html?hl=it\">https:\/\/www.google.com\/analytics\/learn\/privacy.html?hl=it<\/a><br \/>\u200d* Hubspot, per ulteriori dettagli visita il sito del fornitore:<span>\u00a0<\/span><a href=\"https:\/\/legal.hubspot.com\/cookie-policy\">https:\/\/legal.hubspot.com\/cookie-policy<\/a><br \/>\u200d* Smartlook, per ulteriori dettagli visita il sito del fornitore:<span>\u00a0<\/span><a href=\"https:\/\/www.smartlook.com\/help\/privacy-statement\">https:\/\/www.smartlook.com\/help\/privacy-statement<\/a><\/p>\n<h5>COOKIE PER IL MARKETING:<\/h5>\n<p>* Google Adwords, per ulteriori dettagli visita il sito del fornitore:<span>\u00a0<\/span><a href=\"https:\/\/support.google.com\/adwords\/answer\/2407785?hl=it\">https:\/\/support.google.com\/adwords\/answer\/2407785?hl=it<\/a><br \/>* Facebook, per ulteriori dettagli visita il sito del fornitore:<span>\u00a0<\/span><a href=\"https:\/\/it-it.facebook.com\/policies\/cookies\/\">https:\/\/it-it.facebook.com\/policies\/cookies\/<\/a><br \/>* LinkedIn, per ulteriori dettagli visita il sito del fornitore:<span>\u00a0<\/span><a href=\"https:\/\/www.linkedin.com\/legal\/cookie-policy\">https:\/\/www.linkedin.com\/legal\/cookie-policy<\/a><br \/>* Twitter, per ulteriori dettagli visita il sito del fornitore:<span>\u00a0<\/span><a href=\"https:\/\/help.twitter.com\/it\/rules-and-policies\/twitter-cookies\">https:\/\/help.twitter.com\/it\/rules-and-policies\/twitter-cookies<\/a><\/p>\n<p>L\u2019accettazione della cookie policy tramite apposito bottone Accetto della finestra Informativa cookie ha validit\u00e0 di 30 giorni. Dopo 30 giorni dall\u2019accettazione verr\u00e0 nuovamente ripresentata la richiesta.<br \/>Si rimanda al sito del fornitore per qualsiasi chiarimento o dubbio ulteriore.<\/p>\n<p>[\/et_pb_text][\/et_pb_column][\/et_pb_row][\/et_pb_section]<\/p>\n","protected":false},"excerpt":{"rendered":"<p>Cookie PolicyCOSA SONO I COOKIE? I cookies sono piccoli file di testo inviati all\u2019utente dal sito web visitato. Vengono memorizzati sull\u2019hard disk del computer, consentendo in questo modo al sito web di riconoscere gli utenti e memorizzare determinate informazioni su di loro, al fine di permettere o migliorare il servizio offerto.La maggior parte dei cookie [&hellip;]<\/p>\n","protected":false},"author":2,"featured_media":0,"parent":0,"menu_order":0,"comment_status":"closed","ping_status":"closed","template":"","meta":{"_et_pb_use_builder":"on","_et_pb_old_content":"","_et_gb_content_width":"","inline_featured_image":false,"footnotes":""},"class_list":["post-158","page","type-page","status-publish","hentry"],"_links":{"self":[{"href":"https:\/\/noleggiaauto.com\/roveda\/wp-json\/wp\/v2\/pages\/158"}],"collection":[{"href":"https:\/\/noleggiaauto.com\/roveda\/wp-json\/wp\/v2\/pages"}],"about":[{"href":"https:\/\/noleggiaauto.com\/roveda\/wp-json\/wp\/v2\/types\/page"}],"author":[{"embeddable":true,"href":"https:\/\/noleggiaauto.com\/roveda\/wp-json\/wp\/v2\/users\/2"}],"replies":[{"embeddable":true,"href":"https:\/\/noleggiaauto.com\/roveda\/wp-json\/wp\/v2\/comments?post=158"}],"version-history":[{"count":0,"href":"https:\/\/noleggiaauto.com\/roveda\/wp-json\/wp\/v2\/pages\/158\/revisions"}],"wp:attachment":[{"href":"https:\/\/noleggiaauto.com\/roveda\/wp-json\/wp\/v2\/media?parent=158"}],"curies":[{"name":"wp","href":"https:\/\/api.w.org\/{rel}","templated":true}]}}